{"id":96,"date":"2021-07-22T22:15:45","date_gmt":"2021-07-22T22:15:45","guid":{"rendered":"http:\/\/laroadstore.com\/index.php\/producto\/cinta-aislante-termica\/"},"modified":"2025-08-23T18:27:01","modified_gmt":"2025-08-23T18:27:01","slug":"cinta-aislante-termica","status":"publish","type":"product","link":"https:\/\/laroadstore.com\/index.php\/producto\/cinta-aislante-termica\/","title":{"rendered":"Cinta Aislante T\u00e9rmica"},"content":{"rendered":"<p>Cinta t\u00e9rmica ( altas temperaturas)<br \/>\nAncho 5 cent\u00edmetros x 5 metros de largo<br \/>\nMaterial: Fibra de vidrio<br \/>\nIncluye 2 abrazaderas de acero inoxidable<br \/>\nF\u00e1cil instalaci\u00f3n<\/p>\n","protected":false},"excerpt":{"rendered":"<p>Cinta t\u00e9rmica ( altas temperaturas) Ancho 5 cent\u00edmetros x 5 metros de largo Material: Fibra de vidrio Incluye 2 abrazaderas de acero inoxidable F\u00e1cil instalaci\u00f3n<\/p>\n","protected":false},"featured_media":951,"comment_status":"closed","ping_status":"closed","template":"","meta":{"_uag_custom_page_level_css":"","_mi_skip_tracking":false,"_monsterinsights_sitenote_active":false,"_monsterinsights_sitenote_note":"","_monsterinsights_sitenote_category":0,"spay_email":""},"product_cat":[24,18],"product_tag":[],"uagb_featured_image_src":{"full":["https:\/\/laroadstore.com\/wp-content\/uploads\/2021\/07\/Sin-titulo-1.jpg",1000,1000,false],"thumbnail":["https:\/\/laroadstore.com\/wp-content\/uploads\/2021\/07\/Sin-titulo-1-150x150.jpg",150,150,true],"medium":["https:\/\/laroadstore.com\/wp-content\/uploads\/2021\/07\/Sin-titulo-1-300x300.jpg",300,300,true],"medium_large":["https:\/\/laroadstore.com\/wp-content\/uploads\/2021\/07\/Sin-titulo-1-768x768.jpg",768,768,true],"large":["https:\/\/laroadstore.com\/wp-content\/uploads\/2021\/07\/Sin-titulo-1.jpg",1000,1000,false],"1536x1536":["https:\/\/laroadstore.com\/wp-content\/uploads\/2021\/07\/Sin-titulo-1.jpg",1000,1000,false],"2048x2048":["https:\/\/laroadstore.com\/wp-content\/uploads\/2021\/07\/Sin-titulo-1.jpg",1000,1000,false],"woocommerce_thumbnail":["https:\/\/laroadstore.com\/wp-content\/uploads\/2021\/07\/Sin-titulo-1-300x300.jpg",300,300,true],"woocommerce_single":["https:\/\/laroadstore.com\/wp-content\/uploads\/2021\/07\/Sin-titulo-1-600x600.jpg",600,600,true],"woocommerce_gallery_thumbnail":["https:\/\/laroadstore.com\/wp-content\/uploads\/2021\/07\/Sin-titulo-1-100x100.jpg",100,100,true],"dgwt-wcas-product-suggestion":["https:\/\/laroadstore.com\/wp-content\/uploads\/2021\/07\/Sin-titulo-1-64x64.jpg",64,64,true]},"uagb_author_info":{"display_name":"laroadstore0102","author_link":"https:\/\/laroadstore.com\/index.php\/author\/"},"uagb_comment_info":0,"uagb_excerpt":"Cinta t\u00e9rmica ( altas temperaturas) Ancho 5 cent\u00edmetros x 5 metros de largo Material: Fibra de vidrio Incluye 2 abrazaderas de acero inoxidable F\u00e1cil instalaci\u00f3n","_links":{"self":[{"href":"https:\/\/laroadstore.com\/index.php\/wp-json\/wp\/v2\/product\/96"}],"collection":[{"href":"https:\/\/laroadstore.com\/index.php\/wp-json\/wp\/v2\/product"}],"about":[{"href":"https:\/\/laroadstore.com\/index.php\/wp-json\/wp\/v2\/types\/product"}],"replies":[{"embeddable":true,"href":"https:\/\/laroadstore.com\/index.php\/wp-json\/wp\/v2\/comments?post=96"}],"wp:featuredmedia":[{"embeddable":true,"href":"https:\/\/laroadstore.com\/index.php\/wp-json\/wp\/v2\/media\/951"}],"wp:attachment":[{"href":"https:\/\/laroadstore.com\/index.php\/wp-json\/wp\/v2\/media?parent=96"}],"wp:term":[{"taxonomy":"product_cat","embeddable":true,"href":"https:\/\/laroadstore.com\/index.php\/wp-json\/wp\/v2\/product_cat?post=96"},{"taxonomy":"product_tag","embeddable":true,"href":"https:\/\/laroadstore.com\/index.php\/wp-json\/wp\/v2\/product_tag?post=96"}],"curies":[{"name":"wp","href":"https:\/\/api.w.org\/{rel}","templated":true}]}}