{"id":85,"date":"2021-07-22T22:15:45","date_gmt":"2021-07-22T22:15:45","guid":{"rendered":"http:\/\/laroadstore.com\/index.php\/producto\/direccionales-de-manilar-x2\/"},"modified":"2025-11-18T22:47:50","modified_gmt":"2025-11-18T22:47:50","slug":"direccionales-de-manilar-x2","status":"publish","type":"product","link":"https:\/\/laroadstore.com\/index.php\/producto\/direccionales-de-manilar-x2\/","title":{"rendered":"Direccionales de Manilar x2"},"content":{"rendered":"<p>F\u00e1cil instalaci\u00f3n<br \/>\nVoltaje: 12 (V)<br \/>\nFuente de luz: LED<br \/>\nTama\u00f1o: di\u00e1metro: 33mm<br \/>\nTornillo: M8<br \/>\nColor: trae dos tonos (Blanca y amarilla)<\/p>\n","protected":false},"excerpt":{"rendered":"<p>F\u00e1cil instalaci\u00f3n Voltaje: 12 (V) Fuente de luz: LED Tama\u00f1o: di\u00e1metro: 33mm Tornillo: M8 Color: trae dos tonos (Blanca y amarilla)<\/p>\n","protected":false},"featured_media":955,"comment_status":"closed","ping_status":"closed","template":"","meta":{"_uag_custom_page_level_css":"","_mi_skip_tracking":false,"_monsterinsights_sitenote_active":false,"_monsterinsights_sitenote_note":"","_monsterinsights_sitenote_category":0,"spay_email":""},"product_cat":[22,33,18],"product_tag":[],"uagb_featured_image_src":{"full":["https:\/\/laroadstore.com\/wp-content\/uploads\/2021\/07\/DIRECCIONALES-MANUBRIO.jpg",488,500,false],"thumbnail":["https:\/\/laroadstore.com\/wp-content\/uploads\/2021\/07\/DIRECCIONALES-MANUBRIO-150x150.jpg",150,150,true],"medium":["https:\/\/laroadstore.com\/wp-content\/uploads\/2021\/07\/DIRECCIONALES-MANUBRIO-293x300.jpg",293,300,true],"medium_large":["https:\/\/laroadstore.com\/wp-content\/uploads\/2021\/07\/DIRECCIONALES-MANUBRIO.jpg",488,500,false],"large":["https:\/\/laroadstore.com\/wp-content\/uploads\/2021\/07\/DIRECCIONALES-MANUBRIO.jpg",488,500,false],"1536x1536":["https:\/\/laroadstore.com\/wp-content\/uploads\/2021\/07\/DIRECCIONALES-MANUBRIO.jpg",488,500,false],"2048x2048":["https:\/\/laroadstore.com\/wp-content\/uploads\/2021\/07\/DIRECCIONALES-MANUBRIO.jpg",488,500,false],"woocommerce_thumbnail":["https:\/\/laroadstore.com\/wp-content\/uploads\/2021\/07\/DIRECCIONALES-MANUBRIO-300x300.jpg",300,300,true],"woocommerce_single":["https:\/\/laroadstore.com\/wp-content\/uploads\/2021\/07\/DIRECCIONALES-MANUBRIO.jpg",488,500,false],"woocommerce_gallery_thumbnail":["https:\/\/laroadstore.com\/wp-content\/uploads\/2021\/07\/DIRECCIONALES-MANUBRIO-100x100.jpg",100,100,true],"dgwt-wcas-product-suggestion":["https:\/\/laroadstore.com\/wp-content\/uploads\/2021\/07\/DIRECCIONALES-MANUBRIO-64x66.jpg",64,66,true]},"uagb_author_info":{"display_name":"laroadstore0102","author_link":"https:\/\/laroadstore.com\/index.php\/author\/"},"uagb_comment_info":0,"uagb_excerpt":"F\u00e1cil instalaci\u00f3n Voltaje: 12 (V) Fuente de luz: LED Tama\u00f1o: di\u00e1metro: 33mm Tornillo: M8 Color: trae dos tonos (Blanca y amarilla)","_links":{"self":[{"href":"https:\/\/laroadstore.com\/index.php\/wp-json\/wp\/v2\/product\/85"}],"collection":[{"href":"https:\/\/laroadstore.com\/index.php\/wp-json\/wp\/v2\/product"}],"about":[{"href":"https:\/\/laroadstore.com\/index.php\/wp-json\/wp\/v2\/types\/product"}],"replies":[{"embeddable":true,"href":"https:\/\/laroadstore.com\/index.php\/wp-json\/wp\/v2\/comments?post=85"}],"wp:featuredmedia":[{"embeddable":true,"href":"https:\/\/laroadstore.com\/index.php\/wp-json\/wp\/v2\/media\/955"}],"wp:attachment":[{"href":"https:\/\/laroadstore.com\/index.php\/wp-json\/wp\/v2\/media?parent=85"}],"wp:term":[{"taxonomy":"product_cat","embeddable":true,"href":"https:\/\/laroadstore.com\/index.php\/wp-json\/wp\/v2\/product_cat?post=85"},{"taxonomy":"product_tag","embeddable":true,"href":"https:\/\/laroadstore.com\/index.php\/wp-json\/wp\/v2\/product_tag?post=85"}],"curies":[{"name":"wp","href":"https:\/\/api.w.org\/{rel}","templated":true}]}}