{"id":817,"date":"2021-12-23T14:14:27","date_gmt":"2021-12-23T14:14:27","guid":{"rendered":"https:\/\/laroadstore.com\/?post_type=product&#038;p=817"},"modified":"2022-04-06T23:16:12","modified_gmt":"2022-04-06T23:16:12","slug":"bono-de-regalo-150k","status":"publish","type":"product","link":"https:\/\/laroadstore.com\/index.php\/producto\/bono-de-regalo-150k\/","title":{"rendered":"Tarjeta de regalo 150k"},"content":{"rendered":"<p>Bono de regalo LA Road<\/p>\n<p>Un motero siempre quiere algo para el o para su moto, pero muchas veces es muy dif\u00edcil descifrar lo que quiere.<\/p>\n<ul>\n<li>Nuestros bonos tienen un plazo de redenci\u00f3n de 6 meses.<\/li>\n<li>Son personalizados para cada cliente<\/li>\n<\/ul>\n<p>El Bono Regalo constituye un medio de pago mediante el cual la persona beneficiaria del mismo puede adquirir en nuestra tienda online o desde nuestras redes sociales cualquiera de los productos all\u00ed ofertados. El bono regalo que usted posee se rige por las siguientes condiciones:<\/p>\n<ul>\n<li>El valor comercial del bono va limitado por el precio impreso en la tarjeta. El valor disponible en este momento es: $150.000 (Valor en pesos Colombianos).<\/li>\n<li>Para hacerlo efectivo debe presentarlo en nuestro whatsapp (3508409830) al momento de realizar su compra.<\/li>\n<li>El valor del bono no es reembolsable en ning\u00fan caso.<\/li>\n<li>El bono solo podr\u00e1 ser utilizado por su portador.<\/li>\n<li>El bono regalo tiene una vigencia de seis meses contado desde el momento en que se remite a qui\u00e9n lo adquiri\u00f3.<\/li>\n<li>Para poder hacer efectivo el bono nos debe proveer nombre y n\u00famero de identificaci\u00f3n de la persona que le obsequi\u00f3 el bono.<\/li>\n<li>Responsabilidad en el suministro de la Informaci\u00f3n del beneficiario. Es responsabilidad exclusiva de quien adquiere el Bono Regalo, brindar a LA Road su nombre completo y n\u00famero de Identificaci\u00f3n para ser luego confrontados con la persona que har\u00e1 efectivo el bono. La inexactitud y\/o imprecisi\u00f3n respecto de cualquiera de los datos personales solicitados eximen de responsabilidad a LA Road.<\/li>\n<li>El no uso de el Bono Regalo por el beneficiario durante su vigencia no causa obligaci\u00f3n econ\u00f3mica a LA Road, hecho que entiende y acepta el adquirente y\/o beneficiario de el Bono Regalo.<\/li>\n<li>Forma de adquisici\u00f3n: El Bono Regalo puede ser adquirido en nuestra tienda online www.laroadstore.com o desde nuestro whatsapp 3508409830 y redes sociales.<\/li>\n<li>Acumulaci\u00f3n: Uno o varios Bono Regalo pueden ser acumulados para realizar la compra de uno o varios productos en nuestra tienda, siempre que se compruebe la veracidad en la obtenci\u00f3n de cada uno de ellos.<\/li>\n<li>Saldos a favor: No se manejar\u00e1n saldos a favor en caso de que la adquisici\u00f3n de un producto fuera por un precio inferior al valor econ\u00f3mico del Bono Regalo. En este caso, el beneficiario debe adicionar otro producto de tal forma que complete el valor del bono-regalo y dado el caso pagar el excedente de la suma total de los productos seleccionados y el Bono-Regalo.<\/li>\n<li>Compra por mayor valor: En caso de que el beneficiario de el Bono Regalo desee comprar un producto que tenga un precio superior al valor econ\u00f3mico de el Bono Regalo podr\u00e1 hacerlo adicionando la suma faltante.<\/li>\n<li>Seguridad del Bono Regalo. Es obligaci\u00f3n del beneficiario de el Bono Regalo y del adquirente del mismo no compartir la informaci\u00f3n de el Bono Regalo, pues el mismo podr\u00eda ser usado de manera fraudulenta por terceros. En este orden de ideas, entiende y acepta el beneficiario de el Bono Regalo y el adquirente que es de su exclusiva responsabilidad el compartir con terceros la informaci\u00f3n de el Bono Regalo, cualquiera que sea el medio utilizado para compartir tal informaci\u00f3n. En estos casos, LA Road est\u00e1 exento de responsabilidad.<\/li>\n<\/ul>\n<p>Estos t\u00e9rminos y condiciones de uso de el Bono Regalo son entendidos y aceptados por su adquirente.<\/p>\n<p>&nbsp;<\/p>\n","protected":false},"excerpt":{"rendered":"<p>Bono de regalo LA Road Un motero siempre quiere algo para el o para su moto, pero muchas veces es muy dif\u00edcil descifrar lo que quiere. Nuestros bonos tienen un plazo de redenci\u00f3n de 6 meses. Son personalizados para cada cliente El Bono Regalo constituye un medio de pago mediante el cual la persona beneficiaria &hellip;<\/p>\n<p class=\"read-more\"> <a class=\"\" href=\"https:\/\/laroadstore.com\/index.php\/producto\/bono-de-regalo-150k\/\"> <span class=\"screen-reader-text\">Tarjeta de regalo 150k<\/span> Leer m\u00e1s \u00bb<\/a><\/p>\n","protected":false},"featured_media":820,"comment_status":"open","ping_status":"closed","template":"","meta":{"_uag_custom_page_level_css":"","_mi_skip_tracking":false,"_monsterinsights_sitenote_active":false,"_monsterinsights_sitenote_note":"","_monsterinsights_sitenote_category":0,"spay_email":""},"product_cat":[17,16],"product_tag":[],"uagb_featured_image_src":{"full":["https:\/\/laroadstore.com\/wp-content\/uploads\/2021\/12\/BONO-DE-REGALO-LA-ROAD-150K.jpg",1100,1093,false],"thumbnail":["https:\/\/laroadstore.com\/wp-content\/uploads\/2021\/12\/BONO-DE-REGALO-LA-ROAD-150K-150x150.jpg",150,150,true],"medium":["https:\/\/laroadstore.com\/wp-content\/uploads\/2021\/12\/BONO-DE-REGALO-LA-ROAD-150K-300x298.jpg",300,298,true],"medium_large":["https:\/\/laroadstore.com\/wp-content\/uploads\/2021\/12\/BONO-DE-REGALO-LA-ROAD-150K-768x763.jpg",768,763,true],"large":["https:\/\/laroadstore.com\/wp-content\/uploads\/2021\/12\/BONO-DE-REGALO-LA-ROAD-150K-1024x1017.jpg",1024,1017,true],"1536x1536":["https:\/\/laroadstore.com\/wp-content\/uploads\/2021\/12\/BONO-DE-REGALO-LA-ROAD-150K.jpg",1100,1093,false],"2048x2048":["https:\/\/laroadstore.com\/wp-content\/uploads\/2021\/12\/BONO-DE-REGALO-LA-ROAD-150K.jpg",1100,1093,false],"woocommerce_thumbnail":["https:\/\/laroadstore.com\/wp-content\/uploads\/2021\/12\/BONO-DE-REGALO-LA-ROAD-150K-300x300.jpg",300,300,true],"woocommerce_single":["https:\/\/laroadstore.com\/wp-content\/uploads\/2021\/12\/BONO-DE-REGALO-LA-ROAD-150K-600x596.jpg",600,596,true],"woocommerce_gallery_thumbnail":["https:\/\/laroadstore.com\/wp-content\/uploads\/2021\/12\/BONO-DE-REGALO-LA-ROAD-150K-100x100.jpg",100,100,true],"dgwt-wcas-product-suggestion":["https:\/\/laroadstore.com\/wp-content\/uploads\/2021\/12\/BONO-DE-REGALO-LA-ROAD-150K-64x64.jpg",64,64,true]},"uagb_author_info":{"display_name":"laroadstore0102","author_link":"https:\/\/laroadstore.com\/index.php\/author\/"},"uagb_comment_info":0,"uagb_excerpt":"Bono de regalo LA Road Un motero siempre quiere algo para el o para su moto, pero muchas veces es muy dif\u00edcil descifrar lo que quiere. Nuestros bonos tienen un plazo de redenci\u00f3n de 6 meses. Son personalizados para cada cliente El Bono Regalo constituye un medio de pago mediante el cual la persona beneficiaria&hellip;","_links":{"self":[{"href":"https:\/\/laroadstore.com\/index.php\/wp-json\/wp\/v2\/product\/817"}],"collection":[{"href":"https:\/\/laroadstore.com\/index.php\/wp-json\/wp\/v2\/product"}],"about":[{"href":"https:\/\/laroadstore.com\/index.php\/wp-json\/wp\/v2\/types\/product"}],"replies":[{"embeddable":true,"href":"https:\/\/laroadstore.com\/index.php\/wp-json\/wp\/v2\/comments?post=817"}],"wp:featuredmedia":[{"embeddable":true,"href":"https:\/\/laroadstore.com\/index.php\/wp-json\/wp\/v2\/media\/820"}],"wp:attachment":[{"href":"https:\/\/laroadstore.com\/index.php\/wp-json\/wp\/v2\/media?parent=817"}],"wp:term":[{"taxonomy":"product_cat","embeddable":true,"href":"https:\/\/laroadstore.com\/index.php\/wp-json\/wp\/v2\/product_cat?post=817"},{"taxonomy":"product_tag","embeddable":true,"href":"https:\/\/laroadstore.com\/index.php\/wp-json\/wp\/v2\/product_tag?post=817"}],"curies":[{"name":"wp","href":"https:\/\/api.w.org\/{rel}","templated":true}]}}