{"id":737,"date":"2021-11-30T14:56:11","date_gmt":"2021-11-30T14:56:11","guid":{"rendered":"https:\/\/laroadstore.com\/?post_type=product&#038;p=737"},"modified":"2025-12-03T19:45:23","modified_gmt":"2025-12-03T19:45:23","slug":"chaleco-reflectivo-360","status":"publish","type":"product","link":"https:\/\/laroadstore.com\/index.php\/producto\/chaleco-reflectivo-360\/","title":{"rendered":"Chaleco reflectivo 360\u00b0 (PROMO)"},"content":{"rendered":"<p>\u00a1Hazte visible y evita accidentes!<\/p>\n<p>Chaleco reflectivo 360\u00b0<\/p>\n<p>ACERCA DEL CHALECO<br \/>\n* Altamente reflectivo. Visi\u00f3n 360\u00b0<br \/>\n* Liviano y f\u00e1cil de llevar.<br \/>\n* El\u00e1stico y graduable. Lo puedes usar encima de la camisa, chaqueta o el bolso.<br \/>\n* Hebillas graduables: desde XS hasta XXXL<br \/>\n* S\u00f3lo una hebilla central que lo hace m\u00e1s c\u00f3modo para usar.<br \/>\n* Cumple la normatividad del transito.<\/p>\n","protected":false},"excerpt":{"rendered":"<p>\u00a1Hazte visible y evita accidentes! Chaleco reflectivo 360\u00b0 ACERCA DEL CHALECO * Altamente reflectivo. Visi\u00f3n 360\u00b0 * Liviano y f\u00e1cil de llevar. * El\u00e1stico y graduable. Lo puedes usar encima de la camisa, chaqueta o el bolso. * Hebillas graduables: desde XS hasta XXXL * S\u00f3lo una hebilla central que lo hace m\u00e1s c\u00f3modo para &hellip;<\/p>\n<p class=\"read-more\"> <a class=\"\" href=\"https:\/\/laroadstore.com\/index.php\/producto\/chaleco-reflectivo-360\/\"> <span class=\"screen-reader-text\">Chaleco reflectivo 360\u00b0 (PROMO)<\/span> Leer m\u00e1s \u00bb<\/a><\/p>\n","protected":false},"featured_media":950,"comment_status":"open","ping_status":"closed","template":"","meta":{"_uag_custom_page_level_css":"","_mi_skip_tracking":false,"_monsterinsights_sitenote_active":false,"_monsterinsights_sitenote_note":"","_monsterinsights_sitenote_category":0,"spay_email":""},"product_cat":[17,21],"product_tag":[],"uagb_featured_image_src":{"full":["https:\/\/laroadstore.com\/wp-content\/uploads\/2021\/11\/Sin-titulo-1.jpg",1000,1000,false],"thumbnail":["https:\/\/laroadstore.com\/wp-content\/uploads\/2021\/11\/Sin-titulo-1-150x150.jpg",150,150,true],"medium":["https:\/\/laroadstore.com\/wp-content\/uploads\/2021\/11\/Sin-titulo-1-300x300.jpg",300,300,true],"medium_large":["https:\/\/laroadstore.com\/wp-content\/uploads\/2021\/11\/Sin-titulo-1-768x768.jpg",768,768,true],"large":["https:\/\/laroadstore.com\/wp-content\/uploads\/2021\/11\/Sin-titulo-1.jpg",1000,1000,false],"1536x1536":["https:\/\/laroadstore.com\/wp-content\/uploads\/2021\/11\/Sin-titulo-1.jpg",1000,1000,false],"2048x2048":["https:\/\/laroadstore.com\/wp-content\/uploads\/2021\/11\/Sin-titulo-1.jpg",1000,1000,false],"woocommerce_thumbnail":["https:\/\/laroadstore.com\/wp-content\/uploads\/2021\/11\/Sin-titulo-1-300x300.jpg",300,300,true],"woocommerce_single":["https:\/\/laroadstore.com\/wp-content\/uploads\/2021\/11\/Sin-titulo-1-600x600.jpg",600,600,true],"woocommerce_gallery_thumbnail":["https:\/\/laroadstore.com\/wp-content\/uploads\/2021\/11\/Sin-titulo-1-100x100.jpg",100,100,true],"dgwt-wcas-product-suggestion":["https:\/\/laroadstore.com\/wp-content\/uploads\/2021\/11\/Sin-titulo-1-64x64.jpg",64,64,true]},"uagb_author_info":{"display_name":"laroadstore0102","author_link":"https:\/\/laroadstore.com\/index.php\/author\/"},"uagb_comment_info":0,"uagb_excerpt":"\u00a1Hazte visible y evita accidentes! Chaleco reflectivo 360\u00b0 ACERCA DEL CHALECO * Altamente reflectivo. Visi\u00f3n 360\u00b0 * Liviano y f\u00e1cil de llevar. * El\u00e1stico y graduable. Lo puedes usar encima de la camisa, chaqueta o el bolso. * Hebillas graduables: desde XS hasta XXXL * S\u00f3lo una hebilla central que lo hace m\u00e1s c\u00f3modo para&hellip;","_links":{"self":[{"href":"https:\/\/laroadstore.com\/index.php\/wp-json\/wp\/v2\/product\/737"}],"collection":[{"href":"https:\/\/laroadstore.com\/index.php\/wp-json\/wp\/v2\/product"}],"about":[{"href":"https:\/\/laroadstore.com\/index.php\/wp-json\/wp\/v2\/types\/product"}],"replies":[{"embeddable":true,"href":"https:\/\/laroadstore.com\/index.php\/wp-json\/wp\/v2\/comments?post=737"}],"wp:featuredmedia":[{"embeddable":true,"href":"https:\/\/laroadstore.com\/index.php\/wp-json\/wp\/v2\/media\/950"}],"wp:attachment":[{"href":"https:\/\/laroadstore.com\/index.php\/wp-json\/wp\/v2\/media?parent=737"}],"wp:term":[{"taxonomy":"product_cat","embeddable":true,"href":"https:\/\/laroadstore.com\/index.php\/wp-json\/wp\/v2\/product_cat?post=737"},{"taxonomy":"product_tag","embeddable":true,"href":"https:\/\/laroadstore.com\/index.php\/wp-json\/wp\/v2\/product_tag?post=737"}],"curies":[{"name":"wp","href":"https:\/\/api.w.org\/{rel}","templated":true}]}}