{"id":1759,"date":"2023-12-15T18:44:08","date_gmt":"2023-12-15T18:44:08","guid":{"rendered":"https:\/\/laroadstore.com\/?post_type=product&#038;p=1759"},"modified":"2026-02-10T19:43:36","modified_gmt":"2026-02-10T19:43:36","slug":"intercomunicador-parani-a10","status":"publish","type":"product","link":"https:\/\/laroadstore.com\/index.php\/producto\/intercomunicador-parani-a10\/","title":{"rendered":"Intercomunicador FP (PROMO)"},"content":{"rendered":"<p>Los Parani A10 Wired y A10 Boom son elegantes auriculares Bluetooth\u00ae de perfil bajo para cascos de motocicleta. Conecte el A10 a su tel\u00e9fono inteligente a trav\u00e9s de Bluetooth para utilizar funciones en la carretera, como escuchar m\u00fasica o incluso recibir llamadas telef\u00f3nicas. El intercomunicador Bluetooth te conecta con hasta otros tres usuarios de Parani, tiene un alcance efectivo de hasta 1 km (0,6 mi). Con el respaldo de Sena *, cada A10 garantiza una experiencia de audio excelente. El auricular viene con una pantalla LCD incorporada, que brinda al usuario actualizaciones visuales r\u00e1pidas sobre funciones como la capacidad de la bater\u00eda, la frecuencia y el nivel de volumen. Tambi\u00e9n se puede controlar con la interfaz de tres botones ubicada en la propia unidad. El A10 Boom est\u00e1 disponible con un micr\u00f3fono boom y el A10 Wired viene con un micr\u00f3fono con cable.<\/p>\n","protected":false},"excerpt":{"rendered":"<p>Los Parani A10 Wired y A10 Boom son elegantes auriculares Bluetooth\u00ae de perfil bajo para cascos de motocicleta. Conecte el A10 a su tel\u00e9fono inteligente a trav\u00e9s de Bluetooth para utilizar funciones en la carretera, como escuchar m\u00fasica o incluso recibir llamadas telef\u00f3nicas. El intercomunicador Bluetooth te conecta con hasta otros tres usuarios de Parani, &hellip;<\/p>\n<p class=\"read-more\"> <a class=\"\" href=\"https:\/\/laroadstore.com\/index.php\/producto\/intercomunicador-parani-a10\/\"> <span class=\"screen-reader-text\">Intercomunicador FP (PROMO)<\/span> Leer m\u00e1s \u00bb<\/a><\/p>\n","protected":false},"featured_media":1760,"comment_status":"open","ping_status":"closed","template":"","meta":{"_uag_custom_page_level_css":"","_mi_skip_tracking":false,"_monsterinsights_sitenote_active":false,"_monsterinsights_sitenote_note":"","_monsterinsights_sitenote_category":0,"spay_email":""},"product_cat":[37,17],"product_tag":[],"uagb_featured_image_src":{"full":["https:\/\/laroadstore.com\/wp-content\/uploads\/2023\/12\/INTERCOMUNICADOR-PARA-MOTO-PARANI-A-10.jpg",1080,1080,false],"thumbnail":["https:\/\/laroadstore.com\/wp-content\/uploads\/2023\/12\/INTERCOMUNICADOR-PARA-MOTO-PARANI-A-10-150x150.jpg",150,150,true],"medium":["https:\/\/laroadstore.com\/wp-content\/uploads\/2023\/12\/INTERCOMUNICADOR-PARA-MOTO-PARANI-A-10-300x300.jpg",300,300,true],"medium_large":["https:\/\/laroadstore.com\/wp-content\/uploads\/2023\/12\/INTERCOMUNICADOR-PARA-MOTO-PARANI-A-10-768x768.jpg",768,768,true],"large":["https:\/\/laroadstore.com\/wp-content\/uploads\/2023\/12\/INTERCOMUNICADOR-PARA-MOTO-PARANI-A-10-1024x1024.jpg",1024,1024,true],"1536x1536":["https:\/\/laroadstore.com\/wp-content\/uploads\/2023\/12\/INTERCOMUNICADOR-PARA-MOTO-PARANI-A-10.jpg",1080,1080,false],"2048x2048":["https:\/\/laroadstore.com\/wp-content\/uploads\/2023\/12\/INTERCOMUNICADOR-PARA-MOTO-PARANI-A-10.jpg",1080,1080,false],"woocommerce_thumbnail":["https:\/\/laroadstore.com\/wp-content\/uploads\/2023\/12\/INTERCOMUNICADOR-PARA-MOTO-PARANI-A-10-300x300.jpg",300,300,true],"woocommerce_single":["https:\/\/laroadstore.com\/wp-content\/uploads\/2023\/12\/INTERCOMUNICADOR-PARA-MOTO-PARANI-A-10-600x600.jpg",600,600,true],"woocommerce_gallery_thumbnail":["https:\/\/laroadstore.com\/wp-content\/uploads\/2023\/12\/INTERCOMUNICADOR-PARA-MOTO-PARANI-A-10-100x100.jpg",100,100,true],"dgwt-wcas-product-suggestion":["https:\/\/laroadstore.com\/wp-content\/uploads\/2023\/12\/INTERCOMUNICADOR-PARA-MOTO-PARANI-A-10-64x64.jpg",64,64,true]},"uagb_author_info":{"display_name":"laroadstore0102","author_link":"https:\/\/laroadstore.com\/index.php\/author\/"},"uagb_comment_info":1,"uagb_excerpt":"Los Parani A10 Wired y A10 Boom son elegantes auriculares Bluetooth\u00ae de perfil bajo para cascos de motocicleta. Conecte el A10 a su tel\u00e9fono inteligente a trav\u00e9s de Bluetooth para utilizar funciones en la carretera, como escuchar m\u00fasica o incluso recibir llamadas telef\u00f3nicas. El intercomunicador Bluetooth te conecta con hasta otros tres usuarios de Parani,&hellip;","_links":{"self":[{"href":"https:\/\/laroadstore.com\/index.php\/wp-json\/wp\/v2\/product\/1759"}],"collection":[{"href":"https:\/\/laroadstore.com\/index.php\/wp-json\/wp\/v2\/product"}],"about":[{"href":"https:\/\/laroadstore.com\/index.php\/wp-json\/wp\/v2\/types\/product"}],"replies":[{"embeddable":true,"href":"https:\/\/laroadstore.com\/index.php\/wp-json\/wp\/v2\/comments?post=1759"}],"wp:featuredmedia":[{"embeddable":true,"href":"https:\/\/laroadstore.com\/index.php\/wp-json\/wp\/v2\/media\/1760"}],"wp:attachment":[{"href":"https:\/\/laroadstore.com\/index.php\/wp-json\/wp\/v2\/media?parent=1759"}],"wp:term":[{"taxonomy":"product_cat","embeddable":true,"href":"https:\/\/laroadstore.com\/index.php\/wp-json\/wp\/v2\/product_cat?post=1759"},{"taxonomy":"product_tag","embeddable":true,"href":"https:\/\/laroadstore.com\/index.php\/wp-json\/wp\/v2\/product_tag?post=1759"}],"curies":[{"name":"wp","href":"https:\/\/api.w.org\/{rel}","templated":true}]}}