{"id":102,"date":"2021-07-22T22:15:45","date_gmt":"2021-07-22T22:15:45","guid":{"rendered":"http:\/\/laroadstore.com\/index.php\/producto\/manilares-grips-cafe-racer\/"},"modified":"2025-12-03T19:45:47","modified_gmt":"2025-12-03T19:45:47","slug":"manilares-grips-cafe-racer","status":"publish","type":"product","link":"https:\/\/laroadstore.com\/index.php\/producto\/manilares-grips-cafe-racer\/","title":{"rendered":"Manillares &#8211; Grips caf\u00e9 racer (PROMO)"},"content":{"rendered":"<p>Especiales para proyectos caf\u00e9 racer<br \/>\nDise\u00f1o: Rombos<br \/>\nMaterial: Goma de alta resistencia<br \/>\nAspecto cl\u00e1sico<\/p>\n","protected":false},"excerpt":{"rendered":"<p>Especiales para proyectos caf\u00e9 racer Dise\u00f1o: Rombos Material: Goma de alta resistencia Aspecto cl\u00e1sico<\/p>\n","protected":false},"featured_media":471,"comment_status":"closed","ping_status":"closed","template":"","meta":{"_uag_custom_page_level_css":"","_mi_skip_tracking":false,"_monsterinsights_sitenote_active":false,"_monsterinsights_sitenote_note":"","_monsterinsights_sitenote_category":0,"spay_email":""},"product_cat":[42,26,18],"product_tag":[],"uagb_featured_image_src":{"full":["https:\/\/laroadstore.com\/wp-content\/uploads\/2021\/07\/GRIPS-CLASICOS.jpg",1100,1100,false],"thumbnail":["https:\/\/laroadstore.com\/wp-content\/uploads\/2021\/07\/GRIPS-CLASICOS-150x150.jpg",150,150,true],"medium":["https:\/\/laroadstore.com\/wp-content\/uploads\/2021\/07\/GRIPS-CLASICOS-300x300.jpg",300,300,true],"medium_large":["https:\/\/laroadstore.com\/wp-content\/uploads\/2021\/07\/GRIPS-CLASICOS-768x768.jpg",768,768,true],"large":["https:\/\/laroadstore.com\/wp-content\/uploads\/2021\/07\/GRIPS-CLASICOS-1024x1024.jpg",1024,1024,true],"1536x1536":["https:\/\/laroadstore.com\/wp-content\/uploads\/2021\/07\/GRIPS-CLASICOS.jpg",1100,1100,false],"2048x2048":["https:\/\/laroadstore.com\/wp-content\/uploads\/2021\/07\/GRIPS-CLASICOS.jpg",1100,1100,false],"woocommerce_thumbnail":["https:\/\/laroadstore.com\/wp-content\/uploads\/2021\/07\/GRIPS-CLASICOS-300x300.jpg",300,300,true],"woocommerce_single":["https:\/\/laroadstore.com\/wp-content\/uploads\/2021\/07\/GRIPS-CLASICOS-600x600.jpg",600,600,true],"woocommerce_gallery_thumbnail":["https:\/\/laroadstore.com\/wp-content\/uploads\/2021\/07\/GRIPS-CLASICOS-100x100.jpg",100,100,true],"dgwt-wcas-product-suggestion":["https:\/\/laroadstore.com\/wp-content\/uploads\/2021\/07\/GRIPS-CLASICOS-64x64.jpg",64,64,true]},"uagb_author_info":{"display_name":"laroadstore0102","author_link":"https:\/\/laroadstore.com\/index.php\/author\/"},"uagb_comment_info":0,"uagb_excerpt":"Especiales para proyectos caf\u00e9 racer Dise\u00f1o: Rombos Material: Goma de alta resistencia Aspecto cl\u00e1sico","_links":{"self":[{"href":"https:\/\/laroadstore.com\/index.php\/wp-json\/wp\/v2\/product\/102"}],"collection":[{"href":"https:\/\/laroadstore.com\/index.php\/wp-json\/wp\/v2\/product"}],"about":[{"href":"https:\/\/laroadstore.com\/index.php\/wp-json\/wp\/v2\/types\/product"}],"replies":[{"embeddable":true,"href":"https:\/\/laroadstore.com\/index.php\/wp-json\/wp\/v2\/comments?post=102"}],"wp:featuredmedia":[{"embeddable":true,"href":"https:\/\/laroadstore.com\/index.php\/wp-json\/wp\/v2\/media\/471"}],"wp:attachment":[{"href":"https:\/\/laroadstore.com\/index.php\/wp-json\/wp\/v2\/media?parent=102"}],"wp:term":[{"taxonomy":"product_cat","embeddable":true,"href":"https:\/\/laroadstore.com\/index.php\/wp-json\/wp\/v2\/product_cat?post=102"},{"taxonomy":"product_tag","embeddable":true,"href":"https:\/\/laroadstore.com\/index.php\/wp-json\/wp\/v2\/product_tag?post=102"}],"curies":[{"name":"wp","href":"https:\/\/api.w.org\/{rel}","templated":true}]}}